{"id":1047,"date":"2018-09-28T12:07:32","date_gmt":"2018-09-28T15:07:32","guid":{"rendered":"https:\/\/isft182-bue.infd.edu.ar\/sitio\/?page_id=1047"},"modified":"2019-02-12T10:00:55","modified_gmt":"2019-02-12T13:00:55","slug":"tecnicatura-superior-en-administracion-de-recursos-humanos","status":"publish","type":"page","link":"https:\/\/isft182-bue.infd.edu.ar\/sitio\/tecnicatura-superior-en-administracion-de-recursos-humanos\/","title":{"rendered":"Tecnicatura Superior en Administraci\u00f3n de Recursos Humanos"},"content":{"rendered":"<h2 style=\"text-align: center;\"><span style=\"font-size: 18pt;\"><strong>TECNICATURA SUPERIOR EN ADMINISTRACI\u00d3N DE RECURSOS HUMANOS<\/strong><\/span><\/h2>\n<h5 style=\"text-align: center;\"><a href=\"https:\/\/isft182-bue.infd.edu.ar\/sitio\/wp-content\/uploads\/2018\/09\/Resoluci\u00f3n-276-03.pdf\" target=\"_blank\" rel=\"noopener\">Resoluci\u00f3n 276\/03<\/a><\/h5>\n<p><strong>T\u00edtulo:<\/strong> T\u00e9cnico Superior en Administraci\u00f3n de Recursos Humanos<\/p>\n<p><strong>Duraci\u00f3n:<\/strong> 3 a\u00f1os<\/p>\n<p><strong>Lugar de Cursada:<\/strong><\/p>\n<ul>\n<li>Sede Central San Miguel \u2013 Turno Vespertino<\/li>\n<\/ul>\n<p><strong>Perfil profesional:\u00a0<\/strong>El T\u00e9cnico Superior en Administraci\u00f3n es un profesional que estar\u00e1 capacitado para desarrollar las competencias para: organizar, programar, ejecutar y controlar las operaciones comerciales, financieras y administrativas de la organizaci\u00f3n; elaborar, controlar y registrar el flujo de informaci\u00f3n; organizar y planificar los recursos referidos para desarrollar sus actividades interactuando con el entorno y participando en la toma de decisiones relacionadas con sus actividades. Coordinando equipos de trabajo relacionado con su especialidad. Estas competencias ser\u00e1n desarrolladas seg\u00fan las incumbencias y las normas t\u00e9cnicas y legales que rigen su campo profesional.<\/p>\n<p>Para mayor informaci\u00f3n sobre la Estructura curricular y los contenidos de las distintas asignaturas consultar la <strong>Resoluci\u00f3n N\u00ba 276\/03<\/strong> de la carrera.<\/p>\n<p>Si tenes otras inquietudes, no dudes en comunicarte con nosotros<\/p>\n<ul>\n<li>enviando un mail a\u00a0<strong>182informes@gmail.com<\/strong><\/li>\n<li>llamando al\u00a0<strong>4667-3993<\/strong>\u00a0\u00f3\u00a0<strong>4664-6636<\/strong><\/li>\n<li>o\u00a0<strong><a href=\"https:\/\/goo.gl\/forms\/blMahaScCCHCcdFo1\" target=\"_blank\" rel=\"noopener\">Registr\u00e1ndote aqu\u00ed para recibir Informaci\u00f3n<\/a><\/strong><\/li>\n<\/ul>\n<p>Te esperamos!<\/p>\n<p><img decoding=\"async\" loading=\"lazy\" class=\"wp-image-1049 aligncenter\" src=\"https:\/\/isft182-bue.infd.edu.ar\/sitio\/wp-content\/uploads\/2018\/09\/Recursos-Humanos.jpg\" alt=\"\" width=\"476\" height=\"344\" \/><\/p>\n<p>&nbsp;<\/p>\n<p><img decoding=\"async\" loading=\"lazy\" class=\"alignnone wp-image-865 aligncenter\" src=\"https:\/\/isft182-bue.infd.edu.ar\/sitio\/wp-content\/uploads\/2018\/09\/isft182_logo.png\" alt=\"\" width=\"88\" height=\"71\" \/><\/p>\n","protected":false},"excerpt":{"rendered":"<p>TECNICATURA SUPERIOR EN ADMINISTRACI\u00d3N DE RECURSOS HUMANOS Resoluci\u00f3n 276\/03 T\u00edtulo: T\u00e9cnico Superior en Administraci\u00f3n de Recursos Humanos Duraci\u00f3n: 3 a\u00f1os Lugar de Cursada: Sede Central San Miguel \u2013 Turno Vespertino Perfil profesional:\u00a0El T\u00e9cnico Superior en Administraci\u00f3n es un profesional que estar\u00e1 capacitado para desarrollar las competencias para: organizar, programar, ejecutar y controlar las operaciones comerciales, &#8230; <a title=\"Tecnicatura Superior en Administraci\u00f3n de Recursos Humanos\" class=\"read-more\" href=\"https:\/\/isft182-bue.infd.edu.ar\/sitio\/tecnicatura-superior-en-administracion-de-recursos-humanos\/\" aria-label=\"More on Tecnicatura Superior en Administraci\u00f3n de Recursos Humanos\">[+]<\/a><\/p>\n","protected":false},"author":12,"featured_media":0,"parent":0,"menu_order":0,"comment_status":"closed","ping_status":"closed","template":"","meta":[],"acf":[],"_links":{"self":[{"href":"https:\/\/isft182-bue.infd.edu.ar\/sitio\/wp-json\/wp\/v2\/pages\/1047"}],"collection":[{"href":"https:\/\/isft182-bue.infd.edu.ar\/sitio\/wp-json\/wp\/v2\/pages"}],"about":[{"href":"https:\/\/isft182-bue.infd.edu.ar\/sitio\/wp-json\/wp\/v2\/types\/page"}],"author":[{"embeddable":true,"href":"https:\/\/isft182-bue.infd.edu.ar\/sitio\/wp-json\/wp\/v2\/users\/12"}],"replies":[{"embeddable":true,"href":"https:\/\/isft182-bue.infd.edu.ar\/sitio\/wp-json\/wp\/v2\/comments?post=1047"}],"version-history":[{"count":19,"href":"https:\/\/isft182-bue.infd.edu.ar\/sitio\/wp-json\/wp\/v2\/pages\/1047\/revisions"}],"predecessor-version":[{"id":1424,"href":"https:\/\/isft182-bue.infd.edu.ar\/sitio\/wp-json\/wp\/v2\/pages\/1047\/revisions\/1424"}],"wp:attachment":[{"href":"https:\/\/isft182-bue.infd.edu.ar\/sitio\/wp-json\/wp\/v2\/media?parent=1047"}],"curies":[{"name":"wp","href":"https:\/\/api.w.org\/{rel}","templated":true}]}}