{"id":813,"date":"2018-08-29T21:27:23","date_gmt":"2018-08-30T00:27:23","guid":{"rendered":"https:\/\/isft182-bue.infd.edu.ar\/sitio\/tecnicatura-superior-en-analisis-de-sistemas\/"},"modified":"2019-12-02T15:14:56","modified_gmt":"2019-12-02T18:14:56","slug":"tecnicatura-superior-en-analisis-de-sistemas","status":"publish","type":"page","link":"https:\/\/isft182-bue.infd.edu.ar\/sitio\/tecnicatura-superior-en-analisis-de-sistemas\/","title":{"rendered":"Tecnicatura Superior en An\u00e1lisis de Sistemas"},"content":{"rendered":"<h2 style=\"text-align: center;\"><span style=\"font-size: 18pt;\"><strong>TECNICATURA SUPERIOR EN AN\u00c1LISIS DE SISTEMAS<\/strong><\/span><\/h2>\n<h3 style=\"text-align: center;\"><a href=\"https:\/\/isft182-bue.infd.edu.ar\/sitio\/wp-content\/uploads\/2019\/12\/RSC-6790-2019-ANEXO-IF-2019-36021554-GDEBA-CPEYTDGCYE-1-1.pdf\" target=\"_blank\" rel=\"noopener\">Resoluci\u00f3n 6790\/19<\/a><\/h3>\n<p>&nbsp;<\/p>\n<p><strong>T\u00edtulo:<\/strong> Analista de Sistemas<\/p>\n<p><strong style=\"font-family: arial, helvetica, sans-serif;\"><span style=\"color: #993366; font-size: 10pt;\"><span style=\"color: #000000; font-family: arial,helvetica,sans-serif; font-size: 14pt;\"><img decoding=\"async\" loading=\"lazy\" class=\"alignright\" style=\"width: 232px; height: 177px; margin-right: auto; margin-left: auto; display: block;\" title=\"sistemas\" src=\"https:\/\/isft182-bue.infd.edu.ar\/sitio\/wp-content\/uploads\/2018\/08\/Mantenimiento-de-Sistemas-Informaticos-13130_image.jpg\" alt=\"sistemas\" width=\"296\" height=\"220\" border=\"0\" \/><\/span><\/span><\/strong><\/p>\n<p><strong>Duraci\u00f3n:<\/strong> 3 a\u00f1os<\/p>\n<p><strong>Lugar de Cursada:<\/strong><\/p>\n<ul>\n<li>Sede Central San Miguel &#8211; Turno Vespertino<\/li>\n<\/ul>\n<p><strong>Perfil profesional:<\/strong><\/p>\n<p>El\/la T\u00e9cnico\/a Superior en An\u00e1lisis de Sistemas estar\u00e1 capacitado para<\/p>\n<p>diagnosticar necesidades, dise\u00f1ar, desarrollar, poner en servicio y mantener productos, servicios o soluciones inform\u00e1ticas acorde a las organizaciones que lo requieran. Estas competencias ser\u00e1n desarrolladas seg\u00fan las incumbencias y las normas t\u00e9cnicas y legales que rigen su campo profesional.<\/p>\n<p>Para mayor informaci\u00f3n sobre la Estructura curricular y los contenidos de las distintas asignaturas consultar la <strong>Resoluci\u00f3n N\u00ba 6790\/19<\/strong>\u00a0de la carrera.<\/p>\n<p>Si tenes otras inquietudes, no dudes en comunicarte con nosotros<\/p>\n<ul>\n<li>enviando un mail a\u00a0<strong>182informes@gmail.com<\/strong><\/li>\n<li>llamando al\u00a0<strong>4667-3993<\/strong>\u00a0\u00f3\u00a0<strong>4664-6636<\/strong><\/li>\n<li>o\u00a0<strong><a href=\"https:\/\/goo.gl\/forms\/blMahaScCCHCcdFo1\" target=\"_blank\" rel=\"noopener\">Registr\u00e1ndote aqu\u00ed para recibir Informaci\u00f3n<\/a><\/strong><\/li>\n<\/ul>\n<p>Te esperamos!<\/p>\n<p>&nbsp;<\/p>\n<p>&nbsp;<\/p>\n<p style=\"text-align: center;\"><span style=\"color: #000000; font-family: Verdana; font-size: small;\"><span style=\"color: #000000; font-family: arial,helvetica,sans-serif;\"><span style=\"font-size: 10pt;\"><img decoding=\"async\" loading=\"lazy\" title=\"logo del ISFT 182\" src=\"https:\/\/isft182-bue.infd.edu.ar\/sitio\/wp-content\/uploads\/2018\/08\/isft182_1.jpg\" alt=\"logo del ISFT 182\" width=\"110\" height=\"89\" border=\"0\" \/><\/span><\/span><\/span><\/p>\n","protected":false},"excerpt":{"rendered":"<p>TECNICATURA SUPERIOR EN AN\u00c1LISIS DE SISTEMAS Resoluci\u00f3n 6790\/19 &nbsp; T\u00edtulo: Analista de Sistemas Duraci\u00f3n: 3 a\u00f1os Lugar de Cursada: Sede Central San Miguel &#8211; Turno Vespertino Perfil profesional: El\/la T\u00e9cnico\/a Superior en An\u00e1lisis de Sistemas estar\u00e1 capacitado para diagnosticar necesidades, dise\u00f1ar, desarrollar, poner en servicio y mantener productos, servicios o soluciones inform\u00e1ticas acorde a las &#8230; <a title=\"Tecnicatura Superior en An\u00e1lisis de Sistemas\" class=\"read-more\" href=\"https:\/\/isft182-bue.infd.edu.ar\/sitio\/tecnicatura-superior-en-analisis-de-sistemas\/\" aria-label=\"More on Tecnicatura Superior en An\u00e1lisis de Sistemas\">[+]<\/a><\/p>\n","protected":false},"author":7,"featured_media":0,"parent":0,"menu_order":0,"comment_status":"closed","ping_status":"closed","template":"","meta":[],"acf":[],"_links":{"self":[{"href":"https:\/\/isft182-bue.infd.edu.ar\/sitio\/wp-json\/wp\/v2\/pages\/813"}],"collection":[{"href":"https:\/\/isft182-bue.infd.edu.ar\/sitio\/wp-json\/wp\/v2\/pages"}],"about":[{"href":"https:\/\/isft182-bue.infd.edu.ar\/sitio\/wp-json\/wp\/v2\/types\/page"}],"author":[{"embeddable":true,"href":"https:\/\/isft182-bue.infd.edu.ar\/sitio\/wp-json\/wp\/v2\/users\/7"}],"replies":[{"embeddable":true,"href":"https:\/\/isft182-bue.infd.edu.ar\/sitio\/wp-json\/wp\/v2\/comments?post=813"}],"version-history":[{"count":17,"href":"https:\/\/isft182-bue.infd.edu.ar\/sitio\/wp-json\/wp\/v2\/pages\/813\/revisions"}],"predecessor-version":[{"id":1592,"href":"https:\/\/isft182-bue.infd.edu.ar\/sitio\/wp-json\/wp\/v2\/pages\/813\/revisions\/1592"}],"wp:attachment":[{"href":"https:\/\/isft182-bue.infd.edu.ar\/sitio\/wp-json\/wp\/v2\/media?parent=813"}],"curies":[{"name":"wp","href":"https:\/\/api.w.org\/{rel}","templated":true}]}}