{"id":852,"date":"2018-08-29T21:27:37","date_gmt":"2018-08-30T00:27:37","guid":{"rendered":"https:\/\/isft182-bue.infd.edu.ar\/sitio\/tecnicatura-superior-en-tecnologia-en-higiene-y-seguridad-en-el-trabajo\/"},"modified":"2018-10-24T16:19:47","modified_gmt":"2018-10-24T19:19:47","slug":"tecnicatura-superior-en-tecnologia-en-higiene-y-seguridad-en-el-trabajo","status":"publish","type":"page","link":"https:\/\/isft182-bue.infd.edu.ar\/sitio\/tecnicatura-superior-en-tecnologia-en-higiene-y-seguridad-en-el-trabajo\/","title":{"rendered":"Tecnicatura Superior en Higiene y Seguridad en el Trabajo"},"content":{"rendered":"<p style=\"text-align: center;\"><span style=\"font-size: 18pt;\"><strong>TECNICATURA SUPERIOR EN HIGIENE Y SEGURIDAD EN\u00a0<\/strong><\/span><span style=\"font-size: 18pt;\"><strong>EL TRABAJO<\/strong><\/span><\/p>\n<h5 style=\"text-align: center;\"><a href=\"https:\/\/isft182-bue.infd.edu.ar\/sitio\/tecnicatura-superior-en-tecnologia-en-higiene-y-seguridad-en-el-trabajo\/upload\/Resolucion_320-13_TS_Higiene_y_Seguridad_en_el_Trabajo.pdf\" target=\"_blank\" rel=\"noopener\">Resoluci\u00f3n 320\/13<\/a><\/h5>\n<p><strong>T\u00edtulo:<\/strong> T\u00e9cnico Superior en Higiene y Seguridad en el Trabajo<\/p>\n<p><strong>Duraci\u00f3n:<\/strong> 3 a\u00f1os<\/p>\n<p><strong>Lugar de Cursada:<\/strong><\/p>\n<ul>\n<li>Extensi\u00f3n \u00c1ulica Malvinas Argentinas &#8211; Turno Vespertino<\/li>\n<li>Sede Central San Miguel &#8211; Turno Vespertino (sujeta a aprobaci\u00f3n)<\/li>\n<\/ul>\n<p><strong>Perfil profesional:<\/strong><\/p>\n<p>El T\u00e9cnico Superior en Seguridad e Higiene en el Trabajo es un profesional competente para la organizaci\u00f3n, la planificaci\u00f3n y organizaci\u00f3n de actividades, el dise\u00f1o, la gesti\u00f3n de los recursos de los servicios, la evaluaci\u00f3n y control y la capacitaci\u00f3n en aspectos inherentes a la higiene y seguridad en el trabajo.<\/p>\n<p>Puede dise\u00f1ar, inspeccionar y controlar equipos y elementos de protecci\u00f3n personal y colectiva, como as\u00ed tambi\u00e9n; instalaciones en ambientes de trabajo en los que se desarrollen actividades con riesgos asociados a iluminaci\u00f3n, ventilaci\u00f3n, radiaciones, carga t\u00e9rmica, ruidos y vibraciones, incendios y\/o explosiones, transporte y\/o manipulaci\u00f3n de materiales, contaminaci\u00f3n y afluentes industriales.<\/p>\n<p>Realiza el an\u00e1lisis, evaluaci\u00f3n y control de situaciones en las que existen contaminantes qu\u00edmicos, biol\u00f3gicos, f\u00edsicos y ergon\u00f3micos en ambientes laborales.<\/p>\n<p>Colabora en la implementaci\u00f3n y desarrollo programas de trabajo en materia de higiene y seguridad laboral y programas de capacitaci\u00f3n para la prevenci\u00f3n y la protecci\u00f3n de riesgos laborales. Asiste en la caracterizaci\u00f3n de puestos de trabajo, en funci\u00f3n de los riesgos laborales con intervenci\u00f3n en la selecci\u00f3n e ingreso de personal.<\/p>\n<p>Para mayor informaci\u00f3n sobre la Estructura curricular y los contenidos de las distintas asignaturas consultar la <strong>Resoluci\u00f3n N\u00ba 320\/13<\/strong> de la carrera.<\/p>\n<p>Si tenes otras inquietudes, no dudes en comunicarte con nosotros<\/p>\n<ul>\n<li>enviando un mail a\u00a0<strong>182informes@gmail.com<\/strong><\/li>\n<li>llamando al\u00a0<strong>4667-3993<\/strong>\u00a0\u00f3\u00a0<strong>4664-6636<\/strong><\/li>\n<li>o\u00a0<strong><a href=\"https:\/\/goo.gl\/forms\/blMahaScCCHCcdFo1\" target=\"_blank\" rel=\"noopener\">Registr\u00e1ndote aqu\u00ed para recibir Informaci\u00f3n<\/a><\/strong><\/li>\n<\/ul>\n<p>Te esperamos!<\/p>\n<p style=\"text-align: center;\"><span style=\"font-size: 14pt;\"><img decoding=\"async\" loading=\"lazy\" title=\"Seguridad e higiene\" src=\"https:\/\/isft182-bue.infd.edu.ar\/sitio\/wp-content\/uploads\/2018\/08\/Seguridad_e_Higiene.jpg\" alt=\"Seguridad e higiene\" width=\"304\" height=\"240\" border=\"0\" \/><\/span><\/p>\n<h4 style=\"text-align: center;\"><\/h4>\n<p>&nbsp;<\/p>\n<p style=\"text-align: center;\"><strong><span style=\"font-size: 14pt;\"><img decoding=\"async\" loading=\"lazy\" title=\"logo del ISFT 182\" src=\"https:\/\/isft182-bue.infd.edu.ar\/sitio\/wp-content\/uploads\/2018\/08\/isft182_1.jpg\" alt=\"logo del ISFT 182\" width=\"98\" height=\"79\" border=\"0\" \/><\/span><\/strong><\/p>\n<p><strong>\u00a0<\/strong><\/p>\n","protected":false},"excerpt":{"rendered":"<p>TECNICATURA SUPERIOR EN HIGIENE Y SEGURIDAD EN\u00a0EL TRABAJO Resoluci\u00f3n 320\/13 T\u00edtulo: T\u00e9cnico Superior en Higiene y Seguridad en el Trabajo Duraci\u00f3n: 3 a\u00f1os Lugar de Cursada: Extensi\u00f3n \u00c1ulica Malvinas Argentinas &#8211; Turno Vespertino Sede Central San Miguel &#8211; Turno Vespertino (sujeta a aprobaci\u00f3n) Perfil profesional: El T\u00e9cnico Superior en Seguridad e Higiene en el Trabajo &#8230; <a title=\"Tecnicatura Superior en Higiene y Seguridad en el Trabajo\" class=\"read-more\" href=\"https:\/\/isft182-bue.infd.edu.ar\/sitio\/tecnicatura-superior-en-tecnologia-en-higiene-y-seguridad-en-el-trabajo\/\" aria-label=\"More on Tecnicatura Superior en Higiene y Seguridad en el Trabajo\">[+]<\/a><\/p>\n","protected":false},"author":7,"featured_media":0,"parent":0,"menu_order":0,"comment_status":"closed","ping_status":"closed","template":"","meta":[],"acf":[],"_links":{"self":[{"href":"https:\/\/isft182-bue.infd.edu.ar\/sitio\/wp-json\/wp\/v2\/pages\/852"}],"collection":[{"href":"https:\/\/isft182-bue.infd.edu.ar\/sitio\/wp-json\/wp\/v2\/pages"}],"about":[{"href":"https:\/\/isft182-bue.infd.edu.ar\/sitio\/wp-json\/wp\/v2\/types\/page"}],"author":[{"embeddable":true,"href":"https:\/\/isft182-bue.infd.edu.ar\/sitio\/wp-json\/wp\/v2\/users\/7"}],"replies":[{"embeddable":true,"href":"https:\/\/isft182-bue.infd.edu.ar\/sitio\/wp-json\/wp\/v2\/comments?post=852"}],"version-history":[{"count":11,"href":"https:\/\/isft182-bue.infd.edu.ar\/sitio\/wp-json\/wp\/v2\/pages\/852\/revisions"}],"predecessor-version":[{"id":1214,"href":"https:\/\/isft182-bue.infd.edu.ar\/sitio\/wp-json\/wp\/v2\/pages\/852\/revisions\/1214"}],"wp:attachment":[{"href":"https:\/\/isft182-bue.infd.edu.ar\/sitio\/wp-json\/wp\/v2\/media?parent=852"}],"curies":[{"name":"wp","href":"https:\/\/api.w.org\/{rel}","templated":true}]}}