{"id":855,"date":"2018-08-29T21:27:39","date_gmt":"2018-08-30T00:27:39","guid":{"rendered":"https:\/\/isft182-bue.infd.edu.ar\/sitio\/tecnicatura-superior-en-enfermeria\/"},"modified":"2025-02-26T00:13:02","modified_gmt":"2025-02-26T03:13:02","slug":"tecnicatura-superior-en-enfermeria","status":"publish","type":"page","link":"https:\/\/isft182-bue.infd.edu.ar\/sitio\/tecnicatura-superior-en-enfermeria\/","title":{"rendered":"Tecnicatura Superior en Enfermer\u00eda"},"content":{"rendered":"\n<div class=\"wp-block-group is-layout-constrained\"><div class=\"wp-block-group__inner-container\">\n<p style=\"text-align: center;\"><a href=\"https:\/\/isft182-bue.infd.edu.ar\/sitio\/wp-content\/uploads\/2025\/01\/Res-854_16-Enfermeria.pdf\"><span style=\"font-size: 18pt;\"><strong>TECNICATURA SUPERIOR EN ENFERMER\u00cdA\u00a0<\/strong><\/span><\/a><\/p>\n<h5 style=\"text-align: center;\"><a href=\"https:\/\/isft182-bue.infd.edu.ar\/sitio\/wp-content\/uploads\/2025\/01\/Res-854_16-Enfermeria.pdf\">Resoluci\u00f3n 854\/16\u00a0<\/a><\/h5>\n<p><strong>T\u00edtulo:<\/strong> ENFERMERO<\/p>\n<p><strong>Duraci\u00f3n:<\/strong> 3 a\u00f1os<\/p>\n<p><strong>Lugar de Cursada:<\/strong><\/p>\n<ul>\n<li>Sede Central San Miguel &#8211; Turno Vespertino<\/li>\n<\/ul>\n<p><strong>Perfil profesional:<\/strong><\/p>\n<p>El Enfermero\/a est\u00e1 capacitado para el ejercicio profesional en relaci\u00f3n de dependencia y en forma libre, desarrollando, brindando y gestionando los cuidados de enfermer\u00eda aut\u00f3nomos e interdependientes para la promoci\u00f3n, prevenci\u00f3n, recuperaci\u00f3n y rehabilitaci\u00f3n de la persona, la familia, grupo y comunidad hasta el nivel de cuidados intermedios, en los \u00e1mbitos comunitario y hospitalario; gestionando su \u00e1mbito de trabajo y participando en estudios de investigaci\u00f3n-acci\u00f3n.<\/p>\n<p>Para mayor informaci\u00f3n sobre la Estructura curricular y los contenidos de las distintas asignaturas consultar la <strong>Resoluci\u00f3n N\u00ba 854\/16<\/strong> de la carrera.<\/p>\n<p>Si tenes otras inquietudes, no dudes en comunicarte con nosotros<\/p>\n<ul>\n<li>enviando un mail a\u00a0<strong>182informes@gmail.com<\/strong><\/li>\n<li>o\u00a0<strong><a href=\"https:\/\/goo.gl\/forms\/blMahaScCCHCcdFo1\" target=\"_blank\" rel=\"noopener\">Registr\u00e1ndote aqu\u00ed para recibir Informaci\u00f3n<\/a><\/strong><\/li>\n<\/ul>\n<p>Te esperamos!<\/p>\n<p style=\"text-align: center;\"><span style=\"font-size: 18pt;\"><strong><img decoding=\"async\" loading=\"lazy\" title=\"ENFERMER\u00cdA\" src=\"https:\/\/isft182-bue.infd.edu.ar\/sitio\/wp-content\/uploads\/2018\/08\/Enfermeria.jpg\" alt=\"ENFERMER\u00cdA\" width=\"445\" height=\"218\" border=\"0\" \/><\/strong><\/span><\/p>\n<p style=\"text-align: center;\"><span style=\"font-size: 18pt;\"><strong><img decoding=\"async\" loading=\"lazy\" title=\"logo del ISFT 182\" src=\"https:\/\/isft182-bue.infd.edu.ar\/sitio\/wp-content\/uploads\/2018\/08\/isft182_1.jpg\" alt=\"logo del ISFT 182\" width=\"109\" height=\"88\" border=\"0\" \/><\/strong><\/span><\/p>\n<p style=\"text-align: center;\">\u00a0<\/p>\n<\/div><\/div>\n","protected":false},"excerpt":{"rendered":"<p>TECNICATURA SUPERIOR EN ENFERMER\u00cdA\u00a0 Resoluci\u00f3n 854\/16\u00a0 T\u00edtulo: ENFERMERO Duraci\u00f3n: 3 a\u00f1os Lugar de Cursada: Sede Central San Miguel &#8211; Turno Vespertino Perfil profesional: El Enfermero\/a est\u00e1 capacitado para el ejercicio profesional en relaci\u00f3n de dependencia y en forma libre, desarrollando, brindando y gestionando los cuidados de enfermer\u00eda aut\u00f3nomos e interdependientes para la promoci\u00f3n, prevenci\u00f3n, recuperaci\u00f3n &#8230; <a title=\"Tecnicatura Superior en Enfermer\u00eda\" class=\"read-more\" href=\"https:\/\/isft182-bue.infd.edu.ar\/sitio\/tecnicatura-superior-en-enfermeria\/\" aria-label=\"More on Tecnicatura Superior en Enfermer\u00eda\">[+]<\/a><\/p>\n","protected":false},"author":12,"featured_media":0,"parent":0,"menu_order":0,"comment_status":"closed","ping_status":"closed","template":"","meta":[],"acf":[],"_links":{"self":[{"href":"https:\/\/isft182-bue.infd.edu.ar\/sitio\/wp-json\/wp\/v2\/pages\/855"}],"collection":[{"href":"https:\/\/isft182-bue.infd.edu.ar\/sitio\/wp-json\/wp\/v2\/pages"}],"about":[{"href":"https:\/\/isft182-bue.infd.edu.ar\/sitio\/wp-json\/wp\/v2\/types\/page"}],"author":[{"embeddable":true,"href":"https:\/\/isft182-bue.infd.edu.ar\/sitio\/wp-json\/wp\/v2\/users\/12"}],"replies":[{"embeddable":true,"href":"https:\/\/isft182-bue.infd.edu.ar\/sitio\/wp-json\/wp\/v2\/comments?post=855"}],"version-history":[{"count":10,"href":"https:\/\/isft182-bue.infd.edu.ar\/sitio\/wp-json\/wp\/v2\/pages\/855\/revisions"}],"predecessor-version":[{"id":1663,"href":"https:\/\/isft182-bue.infd.edu.ar\/sitio\/wp-json\/wp\/v2\/pages\/855\/revisions\/1663"}],"wp:attachment":[{"href":"https:\/\/isft182-bue.infd.edu.ar\/sitio\/wp-json\/wp\/v2\/media?parent=855"}],"curies":[{"name":"wp","href":"https:\/\/api.w.org\/{rel}","templated":true}]}}